{"id":3247,"date":"2024-05-27T09:57:43","date_gmt":"2024-05-27T07:57:43","guid":{"rendered":"https:\/\/zahnarztpraxis-kabbe.de\/?page_id=3247"},"modified":"2024-06-12T08:57:27","modified_gmt":"2024-06-12T06:57:27","slug":"vorsorgeuntersuchung","status":"publish","type":"page","link":"https:\/\/zahnarztpraxis-kabbe.de\/?page_id=3247","title":{"rendered":"Vorsorgeuntersuchung"},"content":{"rendered":"\t\t<div data-elementor-type=\"wp-page\" data-elementor-id=\"3247\" class=\"elementor elementor-3247\">\n\t\t\t\t<div class=\"elementor-element elementor-element-2b8d102 e-flex e-con-boxed e-con e-parent\" data-id=\"2b8d102\" data-element_type=\"container\">\n\t\t\t\t\t<div class=\"e-con-inner\">\n\t\t\r\n\t\t<div class=\"elementor-element elementor-element-e01903c elementor-widget elementor-widget-mediaxcta\" data-id=\"e01903c\" data-element_type=\"widget\" data-widget_type=\"mediaxcta.default\">\n\t\t\t\t<div class=\"elementor-widget-container\">\n\t\t\t<div class=\"cta-sec5 mega-hover\" data-bg-src=\"https:\/\/drkabbe.unitedfilms.de\/wp-content\/uploads\/2024\/05\/voruntersuchung.jpg\"><h2 class=\"sec-title mb-35 title\">Vorsorgeuntersuchung<\/h2><\/div>\t\t<\/div>\n\t\t\t\t<\/div>\n\t\t\t\t<div class=\"elementor-element elementor-element-0fb09e0 elementor-widget elementor-widget-text-editor\" data-id=\"0fb09e0\" data-element_type=\"widget\" data-widget_type=\"text-editor.default\">\n\t\t\t\t<div class=\"elementor-widget-container\">\n\t\t\t<style>\/*! elementor - v3.22.0 - 17-06-2024 *\/\n.elementor-widget-text-editor.elementor-drop-cap-view-stacked .elementor-drop-cap{background-color:#69727d;color:#fff}.elementor-widget-text-editor.elementor-drop-cap-view-framed .elementor-drop-cap{color:#69727d;border:3px solid;background-color:transparent}.elementor-widget-text-editor:not(.elementor-drop-cap-view-default) .elementor-drop-cap{margin-top:8px}.elementor-widget-text-editor:not(.elementor-drop-cap-view-default) .elementor-drop-cap-letter{width:1em;height:1em}.elementor-widget-text-editor .elementor-drop-cap{float:left;text-align:center;line-height:1;font-size:50px}.elementor-widget-text-editor .elementor-drop-cap-letter{display:inline-block}<\/style>\t\t\t\t<div class=\"elementor-element elementor-element-6095d03 elementor-widget elementor-widget-text-editor\" data-id=\"6095d03\" data-element_type=\"widget\" data-widget_type=\"text-editor.default\"><p><strong>Regelm\u00e4\u00dfige Vorsorgeuntersuchungen in unserer Praxis sind unerl\u00e4sslich, um Zahnprobleme fr\u00fchzeitig zu erkennen und rechtzeitig zu behandeln. Unsere umfassenden Untersuchungen beinhalten:<\/strong><\/p><ul><li><strong>Gr\u00fcndliche Inspektion der Z\u00e4hne und des Zahnfleisches:<\/strong> Wir \u00fcberpr\u00fcfen jeden Zahn und das umgebende Zahnfleisch auf Anzeichen von Karies, Parodontitis und anderen Mundgesundheitsproblemen.<\/li><li><strong>R\u00f6ntgenaufnahmen:<\/strong> Bei Bedarf fertigen wir R\u00f6ntgenbilder an, um verborgene Probleme zu entdecken, die mit blo\u00dfem Auge nicht sichtbar sind, wie z.B. Karies zwischen den Z\u00e4hnen oder Probleme mit den Zahnwurzeln.<\/li><li><strong>Bewertung der Mundhygiene:<\/strong> Wir analysieren Ihre aktuelle Mundhygienepraktiken und geben Empfehlungen zur Verbesserung.<\/li><\/ul><p>Unsere Vorsorgeuntersuchungen helfen dabei, kleine Probleme zu erkennen, bevor sie zu gr\u00f6\u00dferen und kostspieligeren Behandlungen f\u00fchren.<\/p><p>Vertrauen Sie auf unsere Expertise und lassen Sie uns gemeinsam f\u00fcr Ihre Zahngesundheit sorgen. Vereinbaren Sie noch heute einen Termin, um von unseren hochwertigen Prophylaxe- und Vorsorgeuntersuchungsdiensten zu profitieren.<\/p><\/div>\t\t\t\t\t\t<\/div>\n\t\t\t\t<\/div>\n\t\t\t\t\t<\/div>\n\t\t\t\t<\/div>\n\t\t\t\t<\/div>\n\t\t","protected":false},"excerpt":{"rendered":"<p>Vorsorgeuntersuchung Regelm\u00e4\u00dfige Vorsorgeuntersuchungen in unserer Praxis sind unerl\u00e4sslich, um Zahnprobleme fr\u00fchzeitig zu erkennen und rechtzeitig zu behandeln. Unsere umfassenden Untersuchungen beinhalten: Gr\u00fcndliche Inspektion der Z\u00e4hne und des Zahnfleisches: Wir \u00fcberpr\u00fcfen jeden Zahn und das umgebende Zahnfleisch auf Anzeichen von Karies, Parodontitis und anderen Mundgesundheitsproblemen. R\u00f6ntgenaufnahmen: Bei Bedarf fertigen wir R\u00f6ntgenbilder an, um verborgene Probleme zu&#8230;<\/p>\n","protected":false},"author":1,"featured_media":0,"parent":0,"menu_order":0,"comment_status":"closed","ping_status":"closed","template":"template-builder.php","meta":{"footnotes":""},"class_list":["post-3247","page","type-page","status-publish","hentry"],"_links":{"self":[{"href":"https:\/\/zahnarztpraxis-kabbe.de\/index.php?rest_route=\/wp\/v2\/pages\/3247","targetHints":{"allow":["GET"]}}],"collection":[{"href":"https:\/\/zahnarztpraxis-kabbe.de\/index.php?rest_route=\/wp\/v2\/pages"}],"about":[{"href":"https:\/\/zahnarztpraxis-kabbe.de\/index.php?rest_route=\/wp\/v2\/types\/page"}],"author":[{"embeddable":true,"href":"https:\/\/zahnarztpraxis-kabbe.de\/index.php?rest_route=\/wp\/v2\/users\/1"}],"replies":[{"embeddable":true,"href":"https:\/\/zahnarztpraxis-kabbe.de\/index.php?rest_route=%2Fwp%2Fv2%2Fcomments&post=3247"}],"version-history":[{"count":13,"href":"https:\/\/zahnarztpraxis-kabbe.de\/index.php?rest_route=\/wp\/v2\/pages\/3247\/revisions"}],"predecessor-version":[{"id":3621,"href":"https:\/\/zahnarztpraxis-kabbe.de\/index.php?rest_route=\/wp\/v2\/pages\/3247\/revisions\/3621"}],"wp:attachment":[{"href":"https:\/\/zahnarztpraxis-kabbe.de\/index.php?rest_route=%2Fwp%2Fv2%2Fmedia&parent=3247"}],"curies":[{"name":"wp","href":"https:\/\/api.w.org\/{rel}","templated":true}]}}