{"id":3259,"date":"2024-05-27T10:33:07","date_gmt":"2024-05-27T08:33:07","guid":{"rendered":"https:\/\/zahnarztpraxis-kabbe.de\/?page_id=3259"},"modified":"2024-05-27T11:03:50","modified_gmt":"2024-05-27T09:03:50","slug":"kinderprophylaxe","status":"publish","type":"page","link":"https:\/\/zahnarztpraxis-kabbe.de\/?page_id=3259","title":{"rendered":"Kinderprophylaxe"},"content":{"rendered":"\t\t<div data-elementor-type=\"wp-page\" data-elementor-id=\"3259\" class=\"elementor elementor-3259\">\n\t\t\t\t<div class=\"elementor-element elementor-element-2b8d102 e-flex e-con-boxed e-con e-parent\" data-id=\"2b8d102\" data-element_type=\"container\">\n\t\t\t\t\t<div class=\"e-con-inner\">\n\t\t\r\n\t\t<div class=\"elementor-element elementor-element-e01903c elementor-widget elementor-widget-mediaxcta\" data-id=\"e01903c\" data-element_type=\"widget\" data-widget_type=\"mediaxcta.default\">\n\t\t\t\t<div class=\"elementor-widget-container\">\n\t\t\t<div class=\"cta-sec5 mega-hover\" data-bg-src=\"https:\/\/drkabbe.unitedfilms.de\/wp-content\/uploads\/2024\/05\/kinder-2.jpg\"><h2 class=\"sec-title mb-35 title\">Kinderprophylaxe<\/h2><\/div>\t\t<\/div>\n\t\t\t\t<\/div>\n\t\t\t\t<div class=\"elementor-element elementor-element-0fb09e0 elementor-widget elementor-widget-text-editor\" data-id=\"0fb09e0\" data-element_type=\"widget\" data-widget_type=\"text-editor.default\">\n\t\t\t\t<div class=\"elementor-widget-container\">\n\t\t\t<style>\/*! elementor - v3.22.0 - 17-06-2024 *\/\n.elementor-widget-text-editor.elementor-drop-cap-view-stacked .elementor-drop-cap{background-color:#69727d;color:#fff}.elementor-widget-text-editor.elementor-drop-cap-view-framed .elementor-drop-cap{color:#69727d;border:3px solid;background-color:transparent}.elementor-widget-text-editor:not(.elementor-drop-cap-view-default) .elementor-drop-cap{margin-top:8px}.elementor-widget-text-editor:not(.elementor-drop-cap-view-default) .elementor-drop-cap-letter{width:1em;height:1em}.elementor-widget-text-editor .elementor-drop-cap{float:left;text-align:center;line-height:1;font-size:50px}.elementor-widget-text-editor .elementor-drop-cap-letter{display:inline-block}<\/style>\t\t\t\t<p><strong>Die Zahngesundheit von Kindern liegt uns besonders am Herzen. Deshalb bieten wir spezielle Kinderprophylaxe-Dienstleistungen an, die auf die Bed\u00fcrfnisse der jungen Patienten abgestimmt sind. Dazu geh\u00f6ren:<\/strong><\/p><ul><li><strong>Fr\u00fcherkennungsuntersuchungen:<\/strong> Wir kontrollieren regelm\u00e4\u00dfig die Entwicklung der Milchz\u00e4hne und der bleibenden Z\u00e4hne, um m\u00f6gliche Fehlstellungen oder Karies fr\u00fchzeitig zu erkennen.<\/li><li><strong>Professionelle Zahnreinigung:<\/strong> Sanfte und kindgerechte Zahnreinigung, um Plaque und Zahnstein zu entfernen und das Risiko von Karies zu minimieren.<\/li><li><strong>Fluoridierung und Fissurenversiegelung:<\/strong> Schutzma\u00dfnahmen wie Fluoridbehandlungen und Fissurenversiegelungen, um die Z\u00e4hne vor Karies zu sch\u00fctzen.<\/li><li><strong>Mundhygieneaufkl\u00e4rung:<\/strong> Spielerische und kindgerechte Anleitung zur richtigen Zahnpflege, damit die Kinder lernen, wie sie ihre Z\u00e4hne gesund halten k\u00f6nnen.<\/li><\/ul><p>Regelm\u00e4\u00dfige Kinderprophylaxe tr\u00e4gt dazu bei, dass die Kinder eine positive Einstellung zur Zahnpflege entwickeln und sich von klein auf an regelm\u00e4\u00dfige Zahnarztbesuche gew\u00f6hnen.<\/p><p>Vertrauen Sie auf unsere Expertise und lassen Sie uns gemeinsam f\u00fcr die Zahngesundheit Ihrer gesamten Familie sorgen. Vereinbaren Sie noch heute einen Termin, um von unseren hochwertigen Prophylaxe-, Vorsorgeuntersuchungs- und Kinderprophylaxe-Diensten zu profitieren.<\/p>\t\t\t\t\t\t<\/div>\n\t\t\t\t<\/div>\n\t\t\t\t<div class=\"elementor-element elementor-element-fbae760 elementor-widget elementor-widget-mediaxcta\" data-id=\"fbae760\" data-element_type=\"widget\" data-widget_type=\"mediaxcta.default\">\n\t\t\t\t<div class=\"elementor-widget-container\">\n\t\t\t<div class=\"cta-sec5 mega-hover\" data-bg-src=\"https:\/\/drkabbe.unitedfilms.de\/wp-content\/uploads\/2024\/05\/kiddent.jpg\"><h2 class=\"sec-title mb-35 title\"><br><br><\/h2><\/div>\t\t<\/div>\n\t\t\t\t<\/div>\n\t\t\t\t\t<\/div>\n\t\t\t\t<\/div>\n\t\t\t\t<\/div>\n\t\t","protected":false},"excerpt":{"rendered":"<p>Kinderprophylaxe Die Zahngesundheit von Kindern liegt uns besonders am Herzen. Deshalb bieten wir spezielle Kinderprophylaxe-Dienstleistungen an, die auf die Bed\u00fcrfnisse der jungen Patienten abgestimmt sind. Dazu geh\u00f6ren: Fr\u00fcherkennungsuntersuchungen: Wir kontrollieren regelm\u00e4\u00dfig die Entwicklung der Milchz\u00e4hne und der bleibenden Z\u00e4hne, um m\u00f6gliche Fehlstellungen oder Karies fr\u00fchzeitig zu erkennen. Professionelle Zahnreinigung: Sanfte und kindgerechte Zahnreinigung, um Plaque&#8230;<\/p>\n","protected":false},"author":1,"featured_media":0,"parent":0,"menu_order":0,"comment_status":"closed","ping_status":"closed","template":"template-builder.php","meta":{"footnotes":""},"class_list":["post-3259","page","type-page","status-publish","hentry"],"_links":{"self":[{"href":"https:\/\/zahnarztpraxis-kabbe.de\/index.php?rest_route=\/wp\/v2\/pages\/3259","targetHints":{"allow":["GET"]}}],"collection":[{"href":"https:\/\/zahnarztpraxis-kabbe.de\/index.php?rest_route=\/wp\/v2\/pages"}],"about":[{"href":"https:\/\/zahnarztpraxis-kabbe.de\/index.php?rest_route=\/wp\/v2\/types\/page"}],"author":[{"embeddable":true,"href":"https:\/\/zahnarztpraxis-kabbe.de\/index.php?rest_route=\/wp\/v2\/users\/1"}],"replies":[{"embeddable":true,"href":"https:\/\/zahnarztpraxis-kabbe.de\/index.php?rest_route=%2Fwp%2Fv2%2Fcomments&post=3259"}],"version-history":[{"count":10,"href":"https:\/\/zahnarztpraxis-kabbe.de\/index.php?rest_route=\/wp\/v2\/pages\/3259\/revisions"}],"predecessor-version":[{"id":3321,"href":"https:\/\/zahnarztpraxis-kabbe.de\/index.php?rest_route=\/wp\/v2\/pages\/3259\/revisions\/3321"}],"wp:attachment":[{"href":"https:\/\/zahnarztpraxis-kabbe.de\/index.php?rest_route=%2Fwp%2Fv2%2Fmedia&parent=3259"}],"curies":[{"name":"wp","href":"https:\/\/api.w.org\/{rel}","templated":true}]}}