{"id":3267,"date":"2024-05-27T10:39:37","date_gmt":"2024-05-27T08:39:37","guid":{"rendered":"https:\/\/zahnarztpraxis-kabbe.de\/?page_id=3267"},"modified":"2024-05-27T11:03:03","modified_gmt":"2024-05-27T09:03:03","slug":"professionelle-zahnreinigung","status":"publish","type":"page","link":"https:\/\/zahnarztpraxis-kabbe.de\/?page_id=3267","title":{"rendered":"Professionelle Zahnreinigung"},"content":{"rendered":"\t\t<div data-elementor-type=\"wp-page\" data-elementor-id=\"3267\" class=\"elementor elementor-3267\">\n\t\t\t\t<div class=\"elementor-element elementor-element-2b8d102 e-flex e-con-boxed e-con e-parent\" data-id=\"2b8d102\" data-element_type=\"container\">\n\t\t\t\t\t<div class=\"e-con-inner\">\n\t\t\r\n\t\t<div class=\"elementor-element elementor-element-e01903c elementor-widget elementor-widget-mediaxcta\" data-id=\"e01903c\" data-element_type=\"widget\" data-widget_type=\"mediaxcta.default\">\n\t\t\t\t<div class=\"elementor-widget-container\">\n\t\t\t<div class=\"cta-sec5 mega-hover\" data-bg-src=\"https:\/\/drkabbe.unitedfilms.de\/wp-content\/uploads\/2024\/05\/female-patient-getting-dental-whitening-by-professional-dentist.jpg\"><h2 class=\"sec-title mb-35 title\">Professionelle Zahnreinigung in unserer Klinik\n\n<\/h2><\/div>\t\t<\/div>\n\t\t\t\t<\/div>\n\t\t\t\t<div class=\"elementor-element elementor-element-0fb09e0 elementor-widget elementor-widget-text-editor\" data-id=\"0fb09e0\" data-element_type=\"widget\" data-widget_type=\"text-editor.default\">\n\t\t\t\t<div class=\"elementor-widget-container\">\n\t\t\t<style>\/*! elementor - v3.22.0 - 17-06-2024 *\/\n.elementor-widget-text-editor.elementor-drop-cap-view-stacked .elementor-drop-cap{background-color:#69727d;color:#fff}.elementor-widget-text-editor.elementor-drop-cap-view-framed .elementor-drop-cap{color:#69727d;border:3px solid;background-color:transparent}.elementor-widget-text-editor:not(.elementor-drop-cap-view-default) .elementor-drop-cap{margin-top:8px}.elementor-widget-text-editor:not(.elementor-drop-cap-view-default) .elementor-drop-cap-letter{width:1em;height:1em}.elementor-widget-text-editor .elementor-drop-cap{float:left;text-align:center;line-height:1;font-size:50px}.elementor-widget-text-editor .elementor-drop-cap-letter{display:inline-block}<\/style>\t\t\t\t<p><strong>Die professionelle Zahnreinigung (PZR) ist ein wesentlicher Bestandteil der zahnmedizinischen Prophylaxe und ein unverzichtbares Mittel zur Erhaltung Ihrer Mundgesundheit.<\/strong><\/p><p>\u00a0<\/p><p>In unserer Klinik bieten wir Ihnen eine umfassende und sorgf\u00e4ltig durchgef\u00fchrte Zahnreinigung, die weit \u00fcber die M\u00f6glichkeiten der t\u00e4glichen Mundhygiene hinausgeht.<\/p><p>\u00a0<\/p><p><strong>Vorteile der Professionellen Zahnreinigung:<\/strong><\/p><ol><li><p><strong>Gr\u00fcndliche Plaque- und Zahnsteinentfernung:<\/strong><br \/>Trotz sorgf\u00e4ltiger t\u00e4glicher Zahnpflege bilden sich mit der Zeit hartn\u00e4ckige Bel\u00e4ge und Zahnstein, die mit der Zahnb\u00fcrste nicht entfernt werden k\u00f6nnen. Unsere professionellen Dentalhygienikerinnen und -hygieniker entfernen diese Ablagerungen gr\u00fcndlich, um das Risiko von Karies und Parodontitis zu minimieren.<\/p><\/li><li><p><strong>Vorbeugung von Zahnfleischerkrankungen:<\/strong><br \/>Durch die Entfernung von Plaque und Zahnstein wird die Entstehung von Zahnfleischerkrankungen wie Gingivitis und Parodontitis effektiv verhindert. Eine gesunde Mundflora tr\u00e4gt wesentlich zur allgemeinen Gesundheit bei.<\/p><\/li><li><p><strong>Schutz vor Karies:<\/strong><br \/>Die professionelle Reinigung entfernt bakterielle Bel\u00e4ge, die f\u00fcr die Entstehung von Karies verantwortlich sind. Zus\u00e4tzlich werden die Z\u00e4hne poliert, um neuen Bel\u00e4gen weniger Angriffsfl\u00e4che zu bieten.<\/p><\/li><li><p><strong>\u00c4sthetische Vorteile:<\/strong><br \/>Verf\u00e4rbungen, die durch Kaffee, Tee, Tabak oder andere Lebensmittel verursacht wurden, k\u00f6nnen durch die professionelle Zahnreinigung entfernt werden. Dies f\u00fchrt zu einem strahlenderen und gepflegteren L\u00e4cheln.<\/p><\/li><li><p><strong>Frischer Atem:<\/strong><br \/>Eine gr\u00fcndliche Reinigung der Z\u00e4hne und Zahnzwischenr\u00e4ume tr\u00e4gt ma\u00dfgeblich zu frischem Atem bei, da Bakterien und Speisereste, die Mundgeruch verursachen k\u00f6nnen, effektiv entfernt werden.<\/p><\/li><\/ol><p><strong>Ablauf der Professionellen Zahnreinigung:<\/strong><\/p><ol><li><p><strong>Untersuchung und Beratung:<\/strong><br \/>Zu Beginn der Behandlung wird der aktuelle Zustand Ihrer Z\u00e4hne und Ihres Zahnfleisches untersucht. Wir besprechen mit Ihnen Ihre individuellen Bed\u00fcrfnisse und geben Ihnen wertvolle Tipps zur Verbesserung Ihrer t\u00e4glichen Mundhygiene.<\/p><\/li><li><p><strong>Entfernung von Zahnstein und Plaque:<\/strong><br \/>Mithilfe von speziellen Instrumenten werden harte und weiche Bel\u00e4ge gr\u00fcndlich entfernt. Dies umfasst auch die Reinigung der Zahnzwischenr\u00e4ume und schwer zug\u00e4nglicher Stellen.<\/p><\/li><li><p><strong>Politur:<\/strong><br \/>Nach der Entfernung der Bel\u00e4ge werden Ihre Z\u00e4hne poliert, um eine glatte Oberfl\u00e4che zu schaffen. Dies erschwert die erneute Anlagerung von Plaque und sorgt f\u00fcr ein angenehmes Mundgef\u00fchl.<\/p><\/li><li><p><strong>Fluoridierung:<\/strong><br \/>Zum Abschluss der Behandlung wird eine Fluorid-L\u00f6sung aufgetragen, die den Zahnschmelz st\u00e4rkt und zus\u00e4tzlichen Schutz vor Karies bietet.<\/p><\/li><\/ol><p>\u00a0<\/p>\t\t\t\t\t\t<\/div>\n\t\t\t\t<\/div>\n\t\t\t\t<div class=\"elementor-element elementor-element-fbae760 elementor-widget elementor-widget-mediaxcta\" data-id=\"fbae760\" data-element_type=\"widget\" data-widget_type=\"mediaxcta.default\">\n\t\t\t\t<div class=\"elementor-widget-container\">\n\t\t\t<div class=\"cta-sec5 mega-hover\" data-bg-src=\"https:\/\/drkabbe.unitedfilms.de\/wp-content\/uploads\/2024\/05\/patient-dentist.jpg\"><h2 class=\"sec-title mb-35 title\"><br><br><\/h2><\/div>\t\t<\/div>\n\t\t\t\t<\/div>\n\t\t\t\t<div class=\"elementor-element elementor-element-d92532f elementor-widget elementor-widget-text-editor\" data-id=\"d92532f\" data-element_type=\"widget\" data-widget_type=\"text-editor.default\">\n\t\t\t\t<div class=\"elementor-widget-container\">\n\t\t\t\t\t\t\t<p><strong>Empfehlungen zur H\u00e4ufigkeit:<\/strong><\/p><p>F\u00fcr eine optimale Mundgesundheit empfehlen wir, die professionelle Zahnreinigung mindestens zweimal im Jahr durchf\u00fchren zu lassen. Bei erh\u00f6htem Risiko f\u00fcr Zahn- und Zahnfleischerkrankungen kann eine h\u00e4ufigere Behandlung sinnvoll sein.<\/p><p>Vertrauen Sie auf unsere Expertise und modernste Technik, um Ihre Z\u00e4hne gesund und sch\u00f6n zu erhalten. Vereinbaren Sie noch heute einen Termin f\u00fcr eine professionelle Zahnreinigung in unserer Klinik und erleben Sie das Gef\u00fchl von perfekt gepflegten Z\u00e4hnen.<\/p>\t\t\t\t\t\t<\/div>\n\t\t\t\t<\/div>\n\t\t\t\t<div class=\"elementor-element elementor-element-8b8bf4f elementor-widget elementor-widget-mediaxcta\" data-id=\"8b8bf4f\" data-element_type=\"widget\" data-widget_type=\"mediaxcta.default\">\n\t\t\t\t<div class=\"elementor-widget-container\">\n\t\t\t<div class=\"cta-sec5 mega-hover\" data-bg-src=\"https:\/\/drkabbe.unitedfilms.de\/wp-content\/uploads\/2024\/05\/patient-checking-her-teeth-mirror.jpg\"><h2 class=\"sec-title mb-35 title\"><br><br><\/h2><\/div>\t\t<\/div>\n\t\t\t\t<\/div>\n\t\t\t\t\t<\/div>\n\t\t\t\t<\/div>\n\t\t\t\t<\/div>\n\t\t","protected":false},"excerpt":{"rendered":"<p>Professionelle Zahnreinigung in unserer Klinik Die professionelle Zahnreinigung (PZR) ist ein wesentlicher Bestandteil der zahnmedizinischen Prophylaxe und ein unverzichtbares Mittel zur Erhaltung Ihrer Mundgesundheit. \u00a0 In unserer Klinik bieten wir Ihnen eine umfassende und sorgf\u00e4ltig durchgef\u00fchrte Zahnreinigung, die weit \u00fcber die M\u00f6glichkeiten der t\u00e4glichen Mundhygiene hinausgeht. \u00a0 Vorteile der Professionellen Zahnreinigung: Gr\u00fcndliche Plaque- und Zahnsteinentfernung:Trotz&#8230;<\/p>\n","protected":false},"author":1,"featured_media":0,"parent":0,"menu_order":0,"comment_status":"closed","ping_status":"closed","template":"template-builder.php","meta":{"footnotes":""},"class_list":["post-3267","page","type-page","status-publish","hentry"],"_links":{"self":[{"href":"https:\/\/zahnarztpraxis-kabbe.de\/index.php?rest_route=\/wp\/v2\/pages\/3267","targetHints":{"allow":["GET"]}}],"collection":[{"href":"https:\/\/zahnarztpraxis-kabbe.de\/index.php?rest_route=\/wp\/v2\/pages"}],"about":[{"href":"https:\/\/zahnarztpraxis-kabbe.de\/index.php?rest_route=\/wp\/v2\/types\/page"}],"author":[{"embeddable":true,"href":"https:\/\/zahnarztpraxis-kabbe.de\/index.php?rest_route=\/wp\/v2\/users\/1"}],"replies":[{"embeddable":true,"href":"https:\/\/zahnarztpraxis-kabbe.de\/index.php?rest_route=%2Fwp%2Fv2%2Fcomments&post=3267"}],"version-history":[{"count":10,"href":"https:\/\/zahnarztpraxis-kabbe.de\/index.php?rest_route=\/wp\/v2\/pages\/3267\/revisions"}],"predecessor-version":[{"id":3309,"href":"https:\/\/zahnarztpraxis-kabbe.de\/index.php?rest_route=\/wp\/v2\/pages\/3267\/revisions\/3309"}],"wp:attachment":[{"href":"https:\/\/zahnarztpraxis-kabbe.de\/index.php?rest_route=%2Fwp%2Fv2%2Fmedia&parent=3267"}],"curies":[{"name":"wp","href":"https:\/\/api.w.org\/{rel}","templated":true}]}}