{"id":3416,"date":"2024-05-27T13:03:17","date_gmt":"2024-05-27T11:03:17","guid":{"rendered":"https:\/\/zahnarztpraxis-kabbe.de\/?page_id=3416"},"modified":"2024-05-27T13:04:43","modified_gmt":"2024-05-27T11:04:43","slug":"chirurgische-parodontosebehandlung","status":"publish","type":"page","link":"https:\/\/zahnarztpraxis-kabbe.de\/?page_id=3416","title":{"rendered":"Chirurgische Parodontosebehandlung"},"content":{"rendered":"\t\t<div data-elementor-type=\"wp-page\" data-elementor-id=\"3416\" class=\"elementor elementor-3416\">\n\t\t\t\t<div class=\"elementor-element elementor-element-2b8d102 e-flex e-con-boxed e-con e-parent\" data-id=\"2b8d102\" data-element_type=\"container\">\n\t\t\t\t\t<div class=\"e-con-inner\">\n\t\t\r\n\t\t<div class=\"elementor-element elementor-element-e01903c elementor-widget elementor-widget-mediaxcta\" data-id=\"e01903c\" data-element_type=\"widget\" data-widget_type=\"mediaxcta.default\">\n\t\t\t\t<div class=\"elementor-widget-container\">\n\t\t\t<div class=\"cta-sec5 mega-hover\" data-bg-src=\"https:\/\/drkabbe.unitedfilms.de\/wp-content\/uploads\/2024\/05\/Chirurgische-Parodontosebehandlung.jpg\"><h2 class=\"sec-title mb-35 title\">Chirurgische Parodontosebehandlung<br><br><br><\/h2><\/div>\t\t<\/div>\n\t\t\t\t<\/div>\n\t\t\t\t<div class=\"elementor-element elementor-element-0fb09e0 elementor-widget elementor-widget-text-editor\" data-id=\"0fb09e0\" data-element_type=\"widget\" data-widget_type=\"text-editor.default\">\n\t\t\t\t<div class=\"elementor-widget-container\">\n\t\t\t<style>\/*! elementor - v3.22.0 - 17-06-2024 *\/\n.elementor-widget-text-editor.elementor-drop-cap-view-stacked .elementor-drop-cap{background-color:#69727d;color:#fff}.elementor-widget-text-editor.elementor-drop-cap-view-framed .elementor-drop-cap{color:#69727d;border:3px solid;background-color:transparent}.elementor-widget-text-editor:not(.elementor-drop-cap-view-default) .elementor-drop-cap{margin-top:8px}.elementor-widget-text-editor:not(.elementor-drop-cap-view-default) .elementor-drop-cap-letter{width:1em;height:1em}.elementor-widget-text-editor .elementor-drop-cap{float:left;text-align:center;line-height:1;font-size:50px}.elementor-widget-text-editor .elementor-drop-cap-letter{display:inline-block}<\/style>\t\t\t\t<div class=\"elementor-element elementor-element-6095d03 elementor-widget elementor-widget-text-editor\" data-id=\"6095d03\" data-element_type=\"widget\" data-widget_type=\"text-editor.default\"><p><strong>Chirurgische Parodontosebehandlung: Unsere Expertise f\u00fcr Ihre Mundgesundheit<\/strong><\/p><p>Unsere Klinik bietet professionelle chirurgische Parodontosebehandlungen an, um fortgeschrittene Zahnfleischerkrankungen effektiv zu behandeln. Mit modernsten Techniken und erfahrenen Fachkr\u00e4ften k\u00fcmmern wir uns um die Gesundheit Ihres Zahnfleisches und helfen Ihnen, Ihr strahlendes L\u00e4cheln zu bewahren. Vereinbaren Sie noch heute einen Termin, um Ihre Mundgesundheit zu verbessern und Zahnverlust zu verhindern.<\/p><\/div>\t\t\t\t\t\t<\/div>\n\t\t\t\t<\/div>\n\t\t\t\t\t<\/div>\n\t\t\t\t<\/div>\n\t\t\t\t<\/div>\n\t\t","protected":false},"excerpt":{"rendered":"<p>Chirurgische Parodontosebehandlung Chirurgische Parodontosebehandlung: Unsere Expertise f\u00fcr Ihre Mundgesundheit Unsere Klinik bietet professionelle chirurgische Parodontosebehandlungen an, um fortgeschrittene Zahnfleischerkrankungen effektiv zu behandeln. Mit modernsten Techniken und erfahrenen Fachkr\u00e4ften k\u00fcmmern wir uns um die Gesundheit Ihres Zahnfleisches und helfen Ihnen, Ihr strahlendes L\u00e4cheln zu bewahren. Vereinbaren Sie noch heute einen Termin, um Ihre Mundgesundheit zu verbessern&#8230;<\/p>\n","protected":false},"author":1,"featured_media":0,"parent":0,"menu_order":0,"comment_status":"closed","ping_status":"closed","template":"template-builder.php","meta":{"footnotes":""},"class_list":["post-3416","page","type-page","status-publish","hentry"],"_links":{"self":[{"href":"https:\/\/zahnarztpraxis-kabbe.de\/index.php?rest_route=\/wp\/v2\/pages\/3416","targetHints":{"allow":["GET"]}}],"collection":[{"href":"https:\/\/zahnarztpraxis-kabbe.de\/index.php?rest_route=\/wp\/v2\/pages"}],"about":[{"href":"https:\/\/zahnarztpraxis-kabbe.de\/index.php?rest_route=\/wp\/v2\/types\/page"}],"author":[{"embeddable":true,"href":"https:\/\/zahnarztpraxis-kabbe.de\/index.php?rest_route=\/wp\/v2\/users\/1"}],"replies":[{"embeddable":true,"href":"https:\/\/zahnarztpraxis-kabbe.de\/index.php?rest_route=%2Fwp%2Fv2%2Fcomments&post=3416"}],"version-history":[{"count":7,"href":"https:\/\/zahnarztpraxis-kabbe.de\/index.php?rest_route=\/wp\/v2\/pages\/3416\/revisions"}],"predecessor-version":[{"id":3424,"href":"https:\/\/zahnarztpraxis-kabbe.de\/index.php?rest_route=\/wp\/v2\/pages\/3416\/revisions\/3424"}],"wp:attachment":[{"href":"https:\/\/zahnarztpraxis-kabbe.de\/index.php?rest_route=%2Fwp%2Fv2%2Fmedia&parent=3416"}],"curies":[{"name":"wp","href":"https:\/\/api.w.org\/{rel}","templated":true}]}}