{"id":3445,"date":"2024-05-27T13:17:28","date_gmt":"2024-05-27T11:17:28","guid":{"rendered":"https:\/\/zahnarztpraxis-kabbe.de\/?page_id=3445"},"modified":"2024-06-12T09:12:59","modified_gmt":"2024-06-12T07:12:59","slug":"aufbisschienen","status":"publish","type":"page","link":"https:\/\/zahnarztpraxis-kabbe.de\/?page_id=3445","title":{"rendered":"Aufbisschienen"},"content":{"rendered":"\t\t<div data-elementor-type=\"wp-page\" data-elementor-id=\"3445\" class=\"elementor elementor-3445\">\n\t\t\t\t<div class=\"elementor-element elementor-element-2b8d102 e-flex e-con-boxed e-con e-parent\" data-id=\"2b8d102\" data-element_type=\"container\">\n\t\t\t\t\t<div class=\"e-con-inner\">\n\t\t\r\n\t\t<div class=\"elementor-element elementor-element-e01903c elementor-widget elementor-widget-mediaxcta\" data-id=\"e01903c\" data-element_type=\"widget\" data-widget_type=\"mediaxcta.default\">\n\t\t\t\t<div class=\"elementor-widget-container\">\n\t\t\t<div class=\"cta-sec5 mega-hover\" data-bg-src=\"https:\/\/drkabbe.unitedfilms.de\/wp-content\/uploads\/2024\/05\/Aufbisschienen_1.jpg\"><h2 class=\"sec-title mb-35 title\">Aufbisschienen bei Zahnknirschen (Knirschschiene)<\/h2><\/div>\t\t<\/div>\n\t\t\t\t<\/div>\n\t\t\t\t<div class=\"elementor-element elementor-element-0fb09e0 elementor-widget elementor-widget-text-editor\" data-id=\"0fb09e0\" data-element_type=\"widget\" data-widget_type=\"text-editor.default\">\n\t\t\t\t<div class=\"elementor-widget-container\">\n\t\t\t<style>\/*! elementor - v3.22.0 - 17-06-2024 *\/\n.elementor-widget-text-editor.elementor-drop-cap-view-stacked .elementor-drop-cap{background-color:#69727d;color:#fff}.elementor-widget-text-editor.elementor-drop-cap-view-framed .elementor-drop-cap{color:#69727d;border:3px solid;background-color:transparent}.elementor-widget-text-editor:not(.elementor-drop-cap-view-default) .elementor-drop-cap{margin-top:8px}.elementor-widget-text-editor:not(.elementor-drop-cap-view-default) .elementor-drop-cap-letter{width:1em;height:1em}.elementor-widget-text-editor .elementor-drop-cap{float:left;text-align:center;line-height:1;font-size:50px}.elementor-widget-text-editor .elementor-drop-cap-letter{display:inline-block}<\/style>\t\t\t\t<div class=\"elementor-element elementor-element-6095d03 elementor-widget elementor-widget-text-editor\" data-id=\"6095d03\" data-element_type=\"widget\" data-widget_type=\"text-editor.default\"><p><strong>Aufbisschienen bei Zahnknirschen (Knirschschiene): Schutz f\u00fcr Ihre Z\u00e4hne und Entspannung f\u00fcr Ihre Muskulatur<\/strong><\/p><p>Eine Aufbisschiene, auch Knirscherschiene genannt, ist eine individuell angefertigte Kunststoffschiene, die auf die Z\u00e4hne passgenau angepasst wird. Sie wird verwendet, um die Z\u00e4hne vor den Sch\u00e4den des Z\u00e4hneknirschens und Z\u00e4hnepressens zu sch\u00fctzen, sowie um die Kaumuskulatur zu entlasten.<\/p><p><strong>Indikationen f\u00fcr eine Knirschschiene:<\/strong><\/p><ul><li><p><strong>Z\u00e4hneknirschen (Bruxismus):<\/strong> Eine Erkrankung, bei der Patienten in der Nacht mit den Z\u00e4hnen knirschen oder tags\u00fcber die Z\u00e4hne fest zusammenpressen.<\/p><\/li><li><p><strong>Kiefergelenksbeschwerden (CMD):<\/strong> Bei Patienten mit Beschwerden im Bereich des Kiefergelenks, die durch Bruxismus verursacht oder verschlimmert werden k\u00f6nnen.<\/p><\/li><\/ul><p><strong>Der Prozess der Knirschschiene:<\/strong><\/p><ol><li><p><strong>Diagnose:<\/strong> Der Zahnarzt f\u00fchrt eine gr\u00fcndliche Untersuchung durch und stellt fest, ob Anzeichen von Z\u00e4hneknirschen vorliegen, wie z.B. abgebrochene Z\u00e4hne, \u00fcberempfindliche Z\u00e4hne oder Beschwerden im Kiefergelenk.<\/p><\/li><li><p><strong>Abdrucknahme:<\/strong> Ein Abdruck Ihrer Z\u00e4hne wird genommen, um eine ma\u00dfgeschneiderte Aufbisschiene herzustellen, die perfekt zu Ihrer Zahnstruktur passt.<\/p><\/li><li><p><strong>Anpassung:<\/strong> Die Aufbisschiene wird in der Regel aus flexiblem Kunststoff gefertigt und so konstruiert, dass sie entweder auf die Oberkiefer- oder Unterkieferz\u00e4hne passt.<\/p><\/li><li><p><strong>Nachsorge:<\/strong> Der Zahnarzt gibt Ihnen Anweisungen zur richtigen Pflege Ihrer Knirschschiene und empfiehlt Ihnen, diese regelm\u00e4\u00dfig zu tragen, um die besten Ergebnisse zu erzielen.<\/p><\/li><\/ol><p><strong>Vorteile einer Knirschschiene:<\/strong><\/p><ul><li>Schutz der Z\u00e4hne vor Abnutzung und Sch\u00e4den durch Z\u00e4hneknirschen.<\/li><li>Entspannung der Kaumuskulatur und Reduzierung von Beschwerden im Kiefergelenk.<\/li><li>Verbesserung der Schlafqualit\u00e4t und Verringerung von Kopfschmerzen, die durch Bruxismus verursacht werden k\u00f6nnen.<\/li><\/ul><\/div>\t\t\t\t\t\t<\/div>\n\t\t\t\t<\/div>\n\t\t\t\t<div class=\"elementor-element elementor-element-1ac7b30 elementor-widget elementor-widget-mediaxcta\" data-id=\"1ac7b30\" data-element_type=\"widget\" data-widget_type=\"mediaxcta.default\">\n\t\t\t\t<div class=\"elementor-widget-container\">\n\t\t\t<div class=\"cta-sec5 mega-hover\" data-bg-src=\"https:\/\/drkabbe.unitedfilms.de\/wp-content\/uploads\/2024\/05\/Aufbisschienen_.jpg\"><h2 class=\"sec-title mb-35 title\"><br><br><br><\/h2><\/div>\t\t<\/div>\n\t\t\t\t<\/div>\n\t\t\t\t\t<\/div>\n\t\t\t\t<\/div>\n\t\t\t\t<\/div>\n\t\t","protected":false},"excerpt":{"rendered":"<p>Aufbisschienen bei Zahnknirschen (Knirschschiene) Aufbisschienen bei Zahnknirschen (Knirschschiene): Schutz f\u00fcr Ihre Z\u00e4hne und Entspannung f\u00fcr Ihre Muskulatur Eine Aufbisschiene, auch Knirscherschiene genannt, ist eine individuell angefertigte Kunststoffschiene, die auf die Z\u00e4hne passgenau angepasst wird. Sie wird verwendet, um die Z\u00e4hne vor den Sch\u00e4den des Z\u00e4hneknirschens und Z\u00e4hnepressens zu sch\u00fctzen, sowie um die Kaumuskulatur zu entlasten&#8230;.<\/p>\n","protected":false},"author":1,"featured_media":0,"parent":0,"menu_order":0,"comment_status":"closed","ping_status":"closed","template":"template-builder.php","meta":{"footnotes":""},"class_list":["post-3445","page","type-page","status-publish","hentry"],"_links":{"self":[{"href":"https:\/\/zahnarztpraxis-kabbe.de\/index.php?rest_route=\/wp\/v2\/pages\/3445","targetHints":{"allow":["GET"]}}],"collection":[{"href":"https:\/\/zahnarztpraxis-kabbe.de\/index.php?rest_route=\/wp\/v2\/pages"}],"about":[{"href":"https:\/\/zahnarztpraxis-kabbe.de\/index.php?rest_route=\/wp\/v2\/types\/page"}],"author":[{"embeddable":true,"href":"https:\/\/zahnarztpraxis-kabbe.de\/index.php?rest_route=\/wp\/v2\/users\/1"}],"replies":[{"embeddable":true,"href":"https:\/\/zahnarztpraxis-kabbe.de\/index.php?rest_route=%2Fwp%2Fv2%2Fcomments&post=3445"}],"version-history":[{"count":7,"href":"https:\/\/zahnarztpraxis-kabbe.de\/index.php?rest_route=\/wp\/v2\/pages\/3445\/revisions"}],"predecessor-version":[{"id":3634,"href":"https:\/\/zahnarztpraxis-kabbe.de\/index.php?rest_route=\/wp\/v2\/pages\/3445\/revisions\/3634"}],"wp:attachment":[{"href":"https:\/\/zahnarztpraxis-kabbe.de\/index.php?rest_route=%2Fwp%2Fv2%2Fmedia&parent=3445"}],"curies":[{"name":"wp","href":"https:\/\/api.w.org\/{rel}","templated":true}]}}