{"id":3463,"date":"2024-05-27T13:28:43","date_gmt":"2024-05-27T11:28:43","guid":{"rendered":"https:\/\/zahnarztpraxis-kabbe.de\/?page_id=3463"},"modified":"2024-05-27T13:34:32","modified_gmt":"2024-05-27T11:34:32","slug":"funktionsschienencmd","status":"publish","type":"page","link":"https:\/\/zahnarztpraxis-kabbe.de\/?page_id=3463","title":{"rendered":"Funktionsschienen(CMD)"},"content":{"rendered":"\t\t<div data-elementor-type=\"wp-page\" data-elementor-id=\"3463\" class=\"elementor elementor-3463\">\n\t\t\t\t<div class=\"elementor-element elementor-element-2b8d102 e-flex e-con-boxed e-con e-parent\" data-id=\"2b8d102\" data-element_type=\"container\">\n\t\t\t\t\t<div class=\"e-con-inner\">\n\t\t\r\n\t\t<div class=\"elementor-element elementor-element-e01903c elementor-widget elementor-widget-mediaxcta\" data-id=\"e01903c\" data-element_type=\"widget\" data-widget_type=\"mediaxcta.default\">\n\t\t\t\t<div class=\"elementor-widget-container\">\n\t\t\t<div class=\"cta-sec5 mega-hover\" data-bg-src=\"https:\/\/drkabbe.unitedfilms.de\/wp-content\/uploads\/2024\/05\/SCHINE___.jpg\"><h2 class=\"sec-title mb-35 title\">Funktionsschienen bei cranio-mandibul\u00e4rer Dysfunktion (CMD)<\/h2><\/div>\t\t<\/div>\n\t\t\t\t<\/div>\n\t\t\t\t<div class=\"elementor-element elementor-element-0fb09e0 elementor-widget elementor-widget-text-editor\" data-id=\"0fb09e0\" data-element_type=\"widget\" data-widget_type=\"text-editor.default\">\n\t\t\t\t<div class=\"elementor-widget-container\">\n\t\t\t<style>\/*! elementor - v3.22.0 - 17-06-2024 *\/\n.elementor-widget-text-editor.elementor-drop-cap-view-stacked .elementor-drop-cap{background-color:#69727d;color:#fff}.elementor-widget-text-editor.elementor-drop-cap-view-framed .elementor-drop-cap{color:#69727d;border:3px solid;background-color:transparent}.elementor-widget-text-editor:not(.elementor-drop-cap-view-default) .elementor-drop-cap{margin-top:8px}.elementor-widget-text-editor:not(.elementor-drop-cap-view-default) .elementor-drop-cap-letter{width:1em;height:1em}.elementor-widget-text-editor .elementor-drop-cap{float:left;text-align:center;line-height:1;font-size:50px}.elementor-widget-text-editor .elementor-drop-cap-letter{display:inline-block}<\/style>\t\t\t\t<div class=\"elementor-element elementor-element-6095d03 elementor-widget elementor-widget-text-editor\" data-id=\"6095d03\" data-element_type=\"widget\" data-widget_type=\"text-editor.default\"><p><strong>Funktionsschienen bei cranio-mandibul\u00e4rer Dysfunktion (CMD): Linderung von Beschwerden durch individuelle Therapie<\/strong><\/p><p>Eine Funktionsschiene, auch CMD-Schiene genannt, ist eine individuell angepasste Vorrichtung, die entwickelt wurde, um Symptome der cranio-mandibul\u00e4ren Dysfunktion zu behandeln und zu lindern.<\/p><p><strong>Indikationen f\u00fcr eine Funktionsschiene:<\/strong><\/p><ul><li><strong>Cranio-mandibul\u00e4re Dysfunktion (CMD):<\/strong> Eine St\u00f6rung, die Schmerzen und Funktionsst\u00f6rungen im Kiefergelenk und den umgebenden Muskeln verursacht. Typische Symptome sind Kiefergelenkschmerzen, Gesichtsschmerzen, Kopfschmerzen, Knacken oder Reiben im Kiefergelenk, eingeschr\u00e4nkte Mund\u00f6ffnung und Muskelverspannungen.<\/li><\/ul><p><strong>Vorteile einer Funktionsschiene:<\/strong><\/p><ul><li>Linderung von Schmerzen und Beschwerden im Kiefergelenk und der umgebenden Muskulatur.<\/li><li>Verbesserung der Mund\u00f6ffnung und der Kieferfunktion.<\/li><li>Reduzierung von Z\u00e4hneknirschen und Z\u00e4hnepressen.<\/li><\/ul><\/div>\t\t\t\t\t\t<\/div>\n\t\t\t\t<\/div>\n\t\t\t\t\t<\/div>\n\t\t\t\t<\/div>\n\t\t\t\t<\/div>\n\t\t","protected":false},"excerpt":{"rendered":"<p>Funktionsschienen bei cranio-mandibul\u00e4rer Dysfunktion (CMD) Funktionsschienen bei cranio-mandibul\u00e4rer Dysfunktion (CMD): Linderung von Beschwerden durch individuelle Therapie Eine Funktionsschiene, auch CMD-Schiene genannt, ist eine individuell angepasste Vorrichtung, die entwickelt wurde, um Symptome der cranio-mandibul\u00e4ren Dysfunktion zu behandeln und zu lindern. Indikationen f\u00fcr eine Funktionsschiene: Cranio-mandibul\u00e4re Dysfunktion (CMD): Eine St\u00f6rung, die Schmerzen und Funktionsst\u00f6rungen im Kiefergelenk und&#8230;<\/p>\n","protected":false},"author":1,"featured_media":0,"parent":0,"menu_order":0,"comment_status":"closed","ping_status":"closed","template":"template-builder.php","meta":{"footnotes":""},"class_list":["post-3463","page","type-page","status-publish","hentry"],"_links":{"self":[{"href":"https:\/\/zahnarztpraxis-kabbe.de\/index.php?rest_route=\/wp\/v2\/pages\/3463","targetHints":{"allow":["GET"]}}],"collection":[{"href":"https:\/\/zahnarztpraxis-kabbe.de\/index.php?rest_route=\/wp\/v2\/pages"}],"about":[{"href":"https:\/\/zahnarztpraxis-kabbe.de\/index.php?rest_route=\/wp\/v2\/types\/page"}],"author":[{"embeddable":true,"href":"https:\/\/zahnarztpraxis-kabbe.de\/index.php?rest_route=\/wp\/v2\/users\/1"}],"replies":[{"embeddable":true,"href":"https:\/\/zahnarztpraxis-kabbe.de\/index.php?rest_route=%2Fwp%2Fv2%2Fcomments&post=3463"}],"version-history":[{"count":7,"href":"https:\/\/zahnarztpraxis-kabbe.de\/index.php?rest_route=\/wp\/v2\/pages\/3463\/revisions"}],"predecessor-version":[{"id":3476,"href":"https:\/\/zahnarztpraxis-kabbe.de\/index.php?rest_route=\/wp\/v2\/pages\/3463\/revisions\/3476"}],"wp:attachment":[{"href":"https:\/\/zahnarztpraxis-kabbe.de\/index.php?rest_route=%2Fwp%2Fv2%2Fmedia&parent=3463"}],"curies":[{"name":"wp","href":"https:\/\/api.w.org\/{rel}","templated":true}]}}