{"id":3488,"date":"2024-05-27T13:50:05","date_gmt":"2024-05-27T11:50:05","guid":{"rendered":"https:\/\/zahnarztpraxis-kabbe.de\/?page_id=3488"},"modified":"2024-05-27T14:00:41","modified_gmt":"2024-05-27T12:00:41","slug":"veneers","status":"publish","type":"page","link":"https:\/\/zahnarztpraxis-kabbe.de\/?page_id=3488","title":{"rendered":"Veneers"},"content":{"rendered":"\t\t<div data-elementor-type=\"wp-page\" data-elementor-id=\"3488\" class=\"elementor elementor-3488\">\n\t\t\t\t<div class=\"elementor-element elementor-element-2b8d102 e-flex e-con-boxed e-con e-parent\" data-id=\"2b8d102\" data-element_type=\"container\">\n\t\t\t\t\t<div class=\"e-con-inner\">\n\t\t\r\n\t\t<div class=\"elementor-element elementor-element-e01903c elementor-widget elementor-widget-mediaxcta\" data-id=\"e01903c\" data-element_type=\"widget\" data-widget_type=\"mediaxcta.default\">\n\t\t\t\t<div class=\"elementor-widget-container\">\n\t\t\t<div class=\"cta-sec5 mega-hover\" data-bg-src=\"https:\/\/drkabbe.unitedfilms.de\/wp-content\/uploads\/2024\/05\/perfect-healthy-teeth-smile-young-woman-dentist-teeth-whitening-dental-care-stomatology.jpg\"><h2 class=\"sec-title mb-35 title\">Veneers: Nat\u00fcrlich sch\u00f6nes L\u00e4cheln durch hauchd\u00fcnne Keramikschalen<\/h2><\/div>\t\t<\/div>\n\t\t\t\t<\/div>\n\t\t\t\t<div class=\"elementor-element elementor-element-0fb09e0 elementor-widget elementor-widget-text-editor\" data-id=\"0fb09e0\" data-element_type=\"widget\" data-widget_type=\"text-editor.default\">\n\t\t\t\t<div class=\"elementor-widget-container\">\n\t\t\t<style>\/*! elementor - v3.22.0 - 17-06-2024 *\/\n.elementor-widget-text-editor.elementor-drop-cap-view-stacked .elementor-drop-cap{background-color:#69727d;color:#fff}.elementor-widget-text-editor.elementor-drop-cap-view-framed .elementor-drop-cap{color:#69727d;border:3px solid;background-color:transparent}.elementor-widget-text-editor:not(.elementor-drop-cap-view-default) .elementor-drop-cap{margin-top:8px}.elementor-widget-text-editor:not(.elementor-drop-cap-view-default) .elementor-drop-cap-letter{width:1em;height:1em}.elementor-widget-text-editor .elementor-drop-cap{float:left;text-align:center;line-height:1;font-size:50px}.elementor-widget-text-editor .elementor-drop-cap-letter{display:inline-block}<\/style>\t\t\t\t<div class=\"elementor-element elementor-element-6095d03 elementor-widget elementor-widget-text-editor\" data-id=\"6095d03\" data-element_type=\"widget\" data-widget_type=\"text-editor.default\"><p>eneers sind hauchd\u00fcnne, individuell angefertigte Keramikschalen, die dauerhaft auf die Vorderseite der Z\u00e4hne aufgebracht werden, um deren Aussehen zu verbessern und Zahnfehlstellungen zu korrigieren.<\/p><p><strong>Indikationen f\u00fcr Veneers:<\/strong><\/p><ul><li><p><strong>\u00c4sthetische Korrekturen:<\/strong> Veneers k\u00f6nnen verwendet werden, um verf\u00e4rbte Z\u00e4hne aufzuhellen, abgebrochene oder abgenutzte Z\u00e4hne zu reparieren, ungleichm\u00e4\u00dfige Zahngr\u00f6\u00dfen oder -formen auszugleichen und L\u00fccken zwischen den Z\u00e4hnen zu schlie\u00dfen.<\/p><\/li><li><p><strong>Funktionsverbesserung:<\/strong> Veneers k\u00f6nnen auch verwendet werden, um leichte Zahnfehlstellungen zu korrigieren, ohne dass eine umfassendere kieferorthop\u00e4dische Behandlung erforderlich ist.<\/p><\/li><\/ul><p><strong>Der Prozess der Veneer-Behandlung:<\/strong><\/p><ol><li><p><strong>Beratung und Planung:<\/strong> Der Zahnarzt f\u00fchrt eine gr\u00fcndliche Untersuchung durch, um zu pr\u00fcfen, ob Veneers die richtige Option f\u00fcr Ihre Bed\u00fcrfnisse sind, und bespricht Ihre Erwartungen und Ziele.<\/p><\/li><li><p><strong>Pr\u00e4paration:<\/strong> Eine d\u00fcnne Schicht des Zahnschmelzes wird entfernt, um Platz f\u00fcr das Veneer zu schaffen. Ein Abdruck Ihrer Z\u00e4hne wird genommen und an ein zahntechnisches Labor geschickt, das die Veneers ma\u00dfgeschneidert anfertigt.<\/p><\/li><li><p><strong>Anpassung:<\/strong> Bevor die endg\u00fcltigen Veneers angebracht werden, k\u00f6nnen provisorische Veneers verwendet werden, um die Z\u00e4hne zu sch\u00fctzen und das Aussehen vorab zu testen.<\/p><\/li><li><p><strong>Anbringung:<\/strong> Die endg\u00fcltigen Veneers werden mit einem speziellen Klebstoff dauerhaft auf die Z\u00e4hne aufgebracht. Der Zahnarzt passt die Veneers an, um sicherzustellen, dass sie perfekt passen und eine nat\u00fcrliche \u00c4sthetik bieten.<\/p><\/li><\/ol><p><strong>Vorteile von Veneers:<\/strong><\/p><ul><li><p><strong>Nat\u00fcrliches Aussehen:<\/strong> Veneers sehen wie nat\u00fcrliche Z\u00e4hne aus und k\u00f6nnen an die nat\u00fcrliche Zahnfarbe angepasst werden.<\/p><\/li><li><p><strong>Haltbarkeit:<\/strong> Veneers sind langlebig und widerstandsf\u00e4hig gegen Flecken und Abrieb.<\/p><\/li><li><p><strong>Schnelle Ergebnisse:<\/strong> In nur wenigen Besuchen k\u00f6nnen Sie Ihr L\u00e4cheln deutlich verbessern.<\/p><\/li><\/ul><p>\u00a0<\/p><\/div>\t\t\t\t\t\t<\/div>\n\t\t\t\t<\/div>\n\t\t\t\t\t<\/div>\n\t\t\t\t<\/div>\n\t\t\t\t<\/div>\n\t\t","protected":false},"excerpt":{"rendered":"<p>Veneers: Nat\u00fcrlich sch\u00f6nes L\u00e4cheln durch hauchd\u00fcnne Keramikschalen eneers sind hauchd\u00fcnne, individuell angefertigte Keramikschalen, die dauerhaft auf die Vorderseite der Z\u00e4hne aufgebracht werden, um deren Aussehen zu verbessern und Zahnfehlstellungen zu korrigieren. Indikationen f\u00fcr Veneers: \u00c4sthetische Korrekturen: Veneers k\u00f6nnen verwendet werden, um verf\u00e4rbte Z\u00e4hne aufzuhellen, abgebrochene oder abgenutzte Z\u00e4hne zu reparieren, ungleichm\u00e4\u00dfige Zahngr\u00f6\u00dfen oder -formen auszugleichen&#8230;<\/p>\n","protected":false},"author":1,"featured_media":0,"parent":0,"menu_order":0,"comment_status":"closed","ping_status":"closed","template":"template-builder.php","meta":{"footnotes":""},"class_list":["post-3488","page","type-page","status-publish","hentry"],"_links":{"self":[{"href":"https:\/\/zahnarztpraxis-kabbe.de\/index.php?rest_route=\/wp\/v2\/pages\/3488","targetHints":{"allow":["GET"]}}],"collection":[{"href":"https:\/\/zahnarztpraxis-kabbe.de\/index.php?rest_route=\/wp\/v2\/pages"}],"about":[{"href":"https:\/\/zahnarztpraxis-kabbe.de\/index.php?rest_route=\/wp\/v2\/types\/page"}],"author":[{"embeddable":true,"href":"https:\/\/zahnarztpraxis-kabbe.de\/index.php?rest_route=\/wp\/v2\/users\/1"}],"replies":[{"embeddable":true,"href":"https:\/\/zahnarztpraxis-kabbe.de\/index.php?rest_route=%2Fwp%2Fv2%2Fcomments&post=3488"}],"version-history":[{"count":14,"href":"https:\/\/zahnarztpraxis-kabbe.de\/index.php?rest_route=\/wp\/v2\/pages\/3488\/revisions"}],"predecessor-version":[{"id":3514,"href":"https:\/\/zahnarztpraxis-kabbe.de\/index.php?rest_route=\/wp\/v2\/pages\/3488\/revisions\/3514"}],"wp:attachment":[{"href":"https:\/\/zahnarztpraxis-kabbe.de\/index.php?rest_route=%2Fwp%2Fv2%2Fmedia&parent=3488"}],"curies":[{"name":"wp","href":"https:\/\/api.w.org\/{rel}","templated":true}]}}