{"id":3515,"date":"2024-05-27T14:04:37","date_gmt":"2024-05-27T12:04:37","guid":{"rendered":"https:\/\/zahnarztpraxis-kabbe.de\/?page_id=3515"},"modified":"2024-05-27T14:13:12","modified_gmt":"2024-05-27T12:13:12","slug":"aesthetische-zahnkorrekturen","status":"publish","type":"page","link":"https:\/\/zahnarztpraxis-kabbe.de\/?page_id=3515","title":{"rendered":"\u00c4sthetische Zahnkorrekturen"},"content":{"rendered":"\t\t<div data-elementor-type=\"wp-page\" data-elementor-id=\"3515\" class=\"elementor elementor-3515\">\n\t\t\t\t<div class=\"elementor-element elementor-element-2b8d102 e-flex e-con-boxed e-con e-parent\" data-id=\"2b8d102\" data-element_type=\"container\">\n\t\t\t\t\t<div class=\"e-con-inner\">\n\t\t\r\n\t\t<div class=\"elementor-element elementor-element-e01903c elementor-widget elementor-widget-mediaxcta\" data-id=\"e01903c\" data-element_type=\"widget\" data-widget_type=\"mediaxcta.default\">\n\t\t\t\t<div class=\"elementor-widget-container\">\n\t\t\t<div class=\"cta-sec5 mega-hover\" data-bg-src=\"https:\/\/drkabbe.unitedfilms.de\/wp-content\/uploads\/2024\/05\/cropped-shot-young-caucasian-smiling-woman-before-after-veneers-installation-comparison-scaled.jpg\"><h2 class=\"sec-title mb-35 title\"><br><br>\u00c4sthetische Zahnkorrekturen<br><br><\/h2><\/div>\t\t<\/div>\n\t\t\t\t<\/div>\n\t\t\t\t<div class=\"elementor-element elementor-element-0fb09e0 elementor-widget elementor-widget-text-editor\" data-id=\"0fb09e0\" data-element_type=\"widget\" data-widget_type=\"text-editor.default\">\n\t\t\t\t<div class=\"elementor-widget-container\">\n\t\t\t<style>\/*! elementor - v3.22.0 - 17-06-2024 *\/\n.elementor-widget-text-editor.elementor-drop-cap-view-stacked .elementor-drop-cap{background-color:#69727d;color:#fff}.elementor-widget-text-editor.elementor-drop-cap-view-framed .elementor-drop-cap{color:#69727d;border:3px solid;background-color:transparent}.elementor-widget-text-editor:not(.elementor-drop-cap-view-default) .elementor-drop-cap{margin-top:8px}.elementor-widget-text-editor:not(.elementor-drop-cap-view-default) .elementor-drop-cap-letter{width:1em;height:1em}.elementor-widget-text-editor .elementor-drop-cap{float:left;text-align:center;line-height:1;font-size:50px}.elementor-widget-text-editor .elementor-drop-cap-letter{display:inline-block}<\/style>\t\t\t\t<div class=\"elementor-element elementor-element-6095d03 elementor-widget elementor-widget-text-editor\" data-id=\"6095d03\" data-element_type=\"widget\" data-widget_type=\"text-editor.default\"><p><strong>Funktionalit\u00e4t Ihrer Z\u00e4hne zu verbessern. H\u00e4ufige Anliegen unserer Patienten sind die Korrektur von Schr\u00e4gstellungen, das Schlie\u00dfen von Zahnl\u00fccken sowie die Anpassung der Zahnform und -farbe.<\/strong><\/p><p>Unser erfahrenes Team verwendet moderne Techniken und Materialien, um Ihnen ein nat\u00fcrliches und harmonisches L\u00e4cheln zu verleihen. Wir legen gro\u00dfen Wert auf eine individuelle Beratung und Betreuung, um sicherzustellen, dass Ihre spezifischen Bed\u00fcrfnisse und W\u00fcnsche erf\u00fcllt werden.<\/p><p>Da es sich bei den meisten \u00e4sthetischen Zahnkorrekturen um kosmetische Eingriffe handelt, sind die Kosten in der Regel vom Patienten selbst zu tragen. Unsere Praxis bietet jedoch kosteneffiziente L\u00f6sungen, die hochwertige Ergebnisse garantieren.<\/p><p>Kontaktieren Sie uns, um mehr \u00fcber unsere Zahnkorrekturleistungen zu erfahren und einen Termin zu vereinbaren. Wir freuen uns darauf, Ihnen zu einem strahlenden L\u00e4cheln zu verhelfen!<\/p><\/div>\t\t\t\t\t\t<\/div>\n\t\t\t\t<\/div>\n\t\t\t\t\t<\/div>\n\t\t\t\t<\/div>\n\t\t\t\t<\/div>\n\t\t","protected":false},"excerpt":{"rendered":"<p>\u00c4sthetische Zahnkorrekturen Funktionalit\u00e4t Ihrer Z\u00e4hne zu verbessern. H\u00e4ufige Anliegen unserer Patienten sind die Korrektur von Schr\u00e4gstellungen, das Schlie\u00dfen von Zahnl\u00fccken sowie die Anpassung der Zahnform und -farbe. Unser erfahrenes Team verwendet moderne Techniken und Materialien, um Ihnen ein nat\u00fcrliches und harmonisches L\u00e4cheln zu verleihen. Wir legen gro\u00dfen Wert auf eine individuelle Beratung und Betreuung, um&#8230;<\/p>\n","protected":false},"author":1,"featured_media":0,"parent":0,"menu_order":0,"comment_status":"closed","ping_status":"closed","template":"template-builder.php","meta":{"footnotes":""},"class_list":["post-3515","page","type-page","status-publish","hentry"],"_links":{"self":[{"href":"https:\/\/zahnarztpraxis-kabbe.de\/index.php?rest_route=\/wp\/v2\/pages\/3515","targetHints":{"allow":["GET"]}}],"collection":[{"href":"https:\/\/zahnarztpraxis-kabbe.de\/index.php?rest_route=\/wp\/v2\/pages"}],"about":[{"href":"https:\/\/zahnarztpraxis-kabbe.de\/index.php?rest_route=\/wp\/v2\/types\/page"}],"author":[{"embeddable":true,"href":"https:\/\/zahnarztpraxis-kabbe.de\/index.php?rest_route=\/wp\/v2\/users\/1"}],"replies":[{"embeddable":true,"href":"https:\/\/zahnarztpraxis-kabbe.de\/index.php?rest_route=%2Fwp%2Fv2%2Fcomments&post=3515"}],"version-history":[{"count":4,"href":"https:\/\/zahnarztpraxis-kabbe.de\/index.php?rest_route=\/wp\/v2\/pages\/3515\/revisions"}],"predecessor-version":[{"id":3521,"href":"https:\/\/zahnarztpraxis-kabbe.de\/index.php?rest_route=\/wp\/v2\/pages\/3515\/revisions\/3521"}],"wp:attachment":[{"href":"https:\/\/zahnarztpraxis-kabbe.de\/index.php?rest_route=%2Fwp%2Fv2%2Fmedia&parent=3515"}],"curies":[{"name":"wp","href":"https:\/\/api.w.org\/{rel}","templated":true}]}}