{"id":3546,"date":"2024-05-27T14:56:57","date_gmt":"2024-05-27T12:56:57","guid":{"rendered":"https:\/\/zahnarztpraxis-kabbe.de\/?page_id=3546"},"modified":"2024-05-27T15:00:08","modified_gmt":"2024-05-27T13:00:08","slug":"zahnimplantate","status":"publish","type":"page","link":"https:\/\/zahnarztpraxis-kabbe.de\/?page_id=3546","title":{"rendered":"Zahnimplantate"},"content":{"rendered":"\t\t<div data-elementor-type=\"wp-page\" data-elementor-id=\"3546\" class=\"elementor elementor-3546\">\n\t\t\t\t<div class=\"elementor-element elementor-element-2b8d102 e-flex e-con-boxed e-con e-parent\" data-id=\"2b8d102\" data-element_type=\"container\">\n\t\t\t\t\t<div class=\"e-con-inner\">\n\t\t\r\n\t\t<div class=\"elementor-element elementor-element-e01903c elementor-widget elementor-widget-mediaxcta\" data-id=\"e01903c\" data-element_type=\"widget\" data-widget_type=\"mediaxcta.default\">\n\t\t\t\t<div class=\"elementor-widget-container\">\n\t\t\t<div class=\"cta-sec5 mega-hover\" data-bg-src=\"https:\/\/drkabbe.unitedfilms.de\/wp-content\/uploads\/2023\/12\/implatet.jpg\"><h2 class=\"sec-title mb-35 title\">\n<br><\/h2><\/div>\t\t<\/div>\n\t\t\t\t<\/div>\n\t\t\t\t<div class=\"elementor-element elementor-element-0fb09e0 elementor-widget elementor-widget-text-editor\" data-id=\"0fb09e0\" data-element_type=\"widget\" data-widget_type=\"text-editor.default\">\n\t\t\t\t<div class=\"elementor-widget-container\">\n\t\t\t<style>\/*! elementor - v3.22.0 - 17-06-2024 *\/\n.elementor-widget-text-editor.elementor-drop-cap-view-stacked .elementor-drop-cap{background-color:#69727d;color:#fff}.elementor-widget-text-editor.elementor-drop-cap-view-framed .elementor-drop-cap{color:#69727d;border:3px solid;background-color:transparent}.elementor-widget-text-editor:not(.elementor-drop-cap-view-default) .elementor-drop-cap{margin-top:8px}.elementor-widget-text-editor:not(.elementor-drop-cap-view-default) .elementor-drop-cap-letter{width:1em;height:1em}.elementor-widget-text-editor .elementor-drop-cap{float:left;text-align:center;line-height:1;font-size:50px}.elementor-widget-text-editor .elementor-drop-cap-letter{display:inline-block}<\/style>\t\t\t\t<div class=\"elementor-element elementor-element-6095d03 elementor-widget elementor-widget-text-editor\" data-id=\"6095d03\" data-element_type=\"widget\" data-widget_type=\"text-editor.default\"><p><strong>Zahnimplantate: Die optimale L\u00f6sung f\u00fcr fehlende Z\u00e4hne<\/strong><\/p><p>In unserer Zahnarztpraxis bieten wir hochwertige Zahnimplantate an, die eine dauerhafte und \u00e4sthetisch ansprechende L\u00f6sung f\u00fcr fehlende Z\u00e4hne darstellen. Ein Zahnimplantat ist eine k\u00fcnstliche Zahnwurzel, die in den Kieferknochen eingesetzt wird und als stabile Basis f\u00fcr den Zahnersatz dient.<\/p><p><strong>Warum Zahnimplantate?<\/strong><\/p><ul><li><p><strong>Nat\u00fcrliche \u00c4sthetik:<\/strong> Zahnimplantate sehen aus und f\u00fchlen sich an wie nat\u00fcrliche Z\u00e4hne. Sie passen sich nahtlos in Ihr L\u00e4cheln ein und verbessern Ihr Erscheinungsbild.<\/p><\/li><li><p><strong>Langlebigkeit:<\/strong> Mit der richtigen Pflege k\u00f6nnen Zahnimplantate viele Jahre, oft sogar ein Leben lang, halten.<\/p><\/li><li><p><strong>Verbesserte Funktion:<\/strong> Implantate erm\u00f6glichen es Ihnen, wieder normal zu essen, zu sprechen und zu lachen, ohne die Sorgen, die mit herk\u00f6mmlichen Prothesen verbunden sind.<\/p><\/li><li><p><strong>Knochenerhalt:<\/strong> Implantate helfen, den Kieferknochen zu erhalten, der bei fehlenden Z\u00e4hnen oft zur\u00fcckgeht.<\/p><\/li><\/ul><p><strong>Unsere Vorgehensweise:<\/strong><\/p><p>Unser erfahrenes Team aus Implantologen verwendet modernste Techniken und Materialien, um sicherzustellen, dass Ihre Zahnimplantate optimal sitzen und funktionieren. Wir bieten eine umfassende Beratung und erstellen einen individuellen Behandlungsplan, der auf Ihre speziellen Bed\u00fcrfnisse und W\u00fcnsche zugeschnitten ist.<\/p><p><strong>Kosten und Finanzierung:<\/strong><\/p><p>Die Kosten f\u00fcr Zahnimplantate variieren je nach Anzahl der ben\u00f6tigten Implantate und dem individuellen Behandlungsaufwand. In einem pers\u00f6nlichen Gespr\u00e4ch kl\u00e4ren wir Sie ausf\u00fchrlich \u00fcber die anfallenden Kosten auf und informieren Sie \u00fcber m\u00f6gliche Finanzierungsm\u00f6glichkeiten.<\/p><p><strong>Vereinbaren Sie einen Termin:<\/strong><\/p><p>Kontaktieren Sie uns noch heute, um mehr \u00fcber Zahnimplantate zu erfahren und einen Termin f\u00fcr eine Beratung zu vereinbaren. Unser Team freut sich darauf, Ihnen zu einem gesunden und sch\u00f6nen L\u00e4cheln zu verhelfen!<\/p><\/div>\t\t\t\t\t\t<\/div>\n\t\t\t\t<\/div>\n\t\t\t\t<div class=\"elementor-element elementor-element-1ac7b30 elementor-widget elementor-widget-mediaxcta\" data-id=\"1ac7b30\" data-element_type=\"widget\" data-widget_type=\"mediaxcta.default\">\n\t\t\t\t<div class=\"elementor-widget-container\">\n\t\t\t<div class=\"cta-sec5 mega-hover\" data-bg-src=\"https:\/\/drkabbe.unitedfilms.de\/wp-content\/uploads\/2024\/05\/dental-implant-dental-surgery-healthy-teeth-dental-implant.jpg\"><h2 class=\"sec-title mb-35 title\"><br><br><br><\/h2><\/div>\t\t<\/div>\n\t\t\t\t<\/div>\n\t\t\t\t\t<\/div>\n\t\t\t\t<\/div>\n\t\t\t\t<\/div>\n\t\t","protected":false},"excerpt":{"rendered":"<p>Zahnimplantate: Die optimale L\u00f6sung f\u00fcr fehlende Z\u00e4hne In unserer Zahnarztpraxis bieten wir hochwertige Zahnimplantate an, die eine dauerhafte und \u00e4sthetisch ansprechende L\u00f6sung f\u00fcr fehlende Z\u00e4hne darstellen. Ein Zahnimplantat ist eine k\u00fcnstliche Zahnwurzel, die in den Kieferknochen eingesetzt wird und als stabile Basis f\u00fcr den Zahnersatz dient. Warum Zahnimplantate? Nat\u00fcrliche \u00c4sthetik: Zahnimplantate sehen aus und f\u00fchlen&#8230;<\/p>\n","protected":false},"author":1,"featured_media":0,"parent":0,"menu_order":0,"comment_status":"closed","ping_status":"closed","template":"template-builder.php","meta":{"footnotes":""},"class_list":["post-3546","page","type-page","status-publish","hentry"],"_links":{"self":[{"href":"https:\/\/zahnarztpraxis-kabbe.de\/index.php?rest_route=\/wp\/v2\/pages\/3546","targetHints":{"allow":["GET"]}}],"collection":[{"href":"https:\/\/zahnarztpraxis-kabbe.de\/index.php?rest_route=\/wp\/v2\/pages"}],"about":[{"href":"https:\/\/zahnarztpraxis-kabbe.de\/index.php?rest_route=\/wp\/v2\/types\/page"}],"author":[{"embeddable":true,"href":"https:\/\/zahnarztpraxis-kabbe.de\/index.php?rest_route=\/wp\/v2\/users\/1"}],"replies":[{"embeddable":true,"href":"https:\/\/zahnarztpraxis-kabbe.de\/index.php?rest_route=%2Fwp%2Fv2%2Fcomments&post=3546"}],"version-history":[{"count":4,"href":"https:\/\/zahnarztpraxis-kabbe.de\/index.php?rest_route=\/wp\/v2\/pages\/3546\/revisions"}],"predecessor-version":[{"id":3552,"href":"https:\/\/zahnarztpraxis-kabbe.de\/index.php?rest_route=\/wp\/v2\/pages\/3546\/revisions\/3552"}],"wp:attachment":[{"href":"https:\/\/zahnarztpraxis-kabbe.de\/index.php?rest_route=%2Fwp%2Fv2%2Fmedia&parent=3546"}],"curies":[{"name":"wp","href":"https:\/\/api.w.org\/{rel}","templated":true}]}}